{"id":120,"date":"2020-01-30T01:04:51","date_gmt":"2020-01-30T00:04:51","guid":{"rendered":"http:\/\/onglista.fr\/?page_id=120"},"modified":"2020-02-01T17:42:16","modified_gmt":"2020-02-01T16:42:16","slug":"babyboomer","status":"publish","type":"page","link":"https:\/\/onglista.fr\/?page_id=120","title":{"rendered":"Babyboomer"},"content":{"rendered":"\n<div class=\"wp-block-image is-style-circle-mask\"><figure class=\"aligncenter size-large is-resized\"><img fetchpriority=\"high\" decoding=\"async\" src=\"http:\/\/onglista.fr\/wp-content\/uploads\/2020\/01\/ongle-babyboomer.jpg\" alt=\"\" class=\"wp-image-147\" width=\"431\" height=\"435\" srcset=\"https:\/\/onglista.fr\/wp-content\/uploads\/2020\/01\/ongle-babyboomer.jpg 782w, https:\/\/onglista.fr\/wp-content\/uploads\/2020\/01\/ongle-babyboomer-297x300.jpg 297w, https:\/\/onglista.fr\/wp-content\/uploads\/2020\/01\/ongle-babyboomer-150x150.jpg 150w, https:\/\/onglista.fr\/wp-content\/uploads\/2020\/01\/ongle-babyboomer-768x775.jpg 768w, https:\/\/onglista.fr\/wp-content\/uploads\/2020\/01\/ongle-babyboomer-75x75.jpg 75w\" sizes=\"(max-width: 431px) 100vw, 431px\" \/><\/figure><\/div>\n\n\n\n<p><\/p>\n\n\n\n<p><\/p>\n\n\n\n<p class=\"has-text-align-center\"> Le&nbsp;<strong>Baby Boomer<\/strong>&nbsp;est une technique \u00e0 mi-chemin entre la french manucure classique, et la pose de vernis nude classique, sur la surface des ongles.<\/p>\n\n\n\n<p class=\"has-text-align-center\">Elle permet d&rsquo;avoir un rendu flout\u00e9, sans d\u00e9marcation entre la couleur de base choisie (souvent nude mais toutes les envies sont possibles) et le blanc.<\/p>\n\n\n\n<p class=\"has-text-align-center\">Onglista utilise pour faire ses Babymoomer la technique du Airbrush. C&rsquo;est un a\u00e9rographe qui pulv\u00e9rise sur l&rsquo;ongle de la peinture pr\u00e9vue \u00e0 cet effet et qui permet un effet naturel.<\/p>\n","protected":false},"excerpt":{"rendered":"<p>Le&nbsp;Baby Boomer&nbsp;est une technique \u00e0 mi-chemin entre la french manucure classique, et la pose de vernis nude classique, sur la surface des ongles. Elle permet d&rsquo;avoir un rendu flout\u00e9, sans d\u00e9marcation entre la couleur de base choisie (souvent nude mais toutes les envies sont possibles) et le blanc. Onglista utilise pour faire ses Babymoomer la technique du Airbrush. C&rsquo;est un a\u00e9rographe qui pulv\u00e9rise sur l&rsquo;ongle de la peinture pr\u00e9vue \u00e0 cet effet et qui permet un effet naturel.<\/p>\n","protected":false},"author":1,"featured_media":0,"parent":0,"menu_order":0,"comment_status":"closed","ping_status":"closed","template":"","meta":{"footnotes":""},"class_list":["post-120","page","type-page","status-publish","hentry"],"_links":{"self":[{"href":"https:\/\/onglista.fr\/index.php?rest_route=\/wp\/v2\/pages\/120","targetHints":{"allow":["GET"]}}],"collection":[{"href":"https:\/\/onglista.fr\/index.php?rest_route=\/wp\/v2\/pages"}],"about":[{"href":"https:\/\/onglista.fr\/index.php?rest_route=\/wp\/v2\/types\/page"}],"author":[{"embeddable":true,"href":"https:\/\/onglista.fr\/index.php?rest_route=\/wp\/v2\/users\/1"}],"replies":[{"embeddable":true,"href":"https:\/\/onglista.fr\/index.php?rest_route=%2Fwp%2Fv2%2Fcomments&post=120"}],"version-history":[{"count":6,"href":"https:\/\/onglista.fr\/index.php?rest_route=\/wp\/v2\/pages\/120\/revisions"}],"predecessor-version":[{"id":270,"href":"https:\/\/onglista.fr\/index.php?rest_route=\/wp\/v2\/pages\/120\/revisions\/270"}],"wp:attachment":[{"href":"https:\/\/onglista.fr\/index.php?rest_route=%2Fwp%2Fv2%2Fmedia&parent=120"}],"curies":[{"name":"wp","href":"https:\/\/api.w.org\/{rel}","templated":true}]}}