{"id":81,"date":"2020-01-30T00:35:42","date_gmt":"2020-01-29T23:35:42","guid":{"rendered":"http:\/\/onglista.fr\/?page_id=81"},"modified":"2020-01-30T16:03:06","modified_gmt":"2020-01-30T15:03:06","slug":"le-semi-permanent-classique","status":"publish","type":"page","link":"https:\/\/onglista.fr\/?page_id=81","title":{"rendered":"Le semi-permanent \u00ab\u00a0classique\u00a0\u00bb"},"content":{"rendered":"\n<blockquote class=\"wp-block-quote is-layout-flow wp-block-quote-is-layout-flow\"><p>Qu&rsquo;est ce que c&rsquo;est ?<\/p><\/blockquote>\n\n\n\n<p>Le semi-permanent dit \u00ab\u00a0classique\u00a0\u00bb est un vernis qui tient entre 2 \u00e0 4 semaines selon la repousse de vos ongles et qui s\u00e8che sous lampe Uv\/Led.<\/p>\n\n\n\n<blockquote class=\"wp-block-quote is-layout-flow wp-block-quote-is-layout-flow\"><p>Son r\u00f4le<\/p><\/blockquote>\n\n\n\n<p>Le semi-permanent est un vernis non renfor\u00e7ant qui peut soit se retirer chez vous avec un produit \u00e0 base d&rsquo;ac\u00e9tone, soit avec une ponceuse et un embout adapt\u00e9 par votre proth\u00e9siste ongulaire.<\/p>\n\n\n\n<blockquote class=\"wp-block-quote is-layout-flow wp-block-quote-is-layout-flow\"><p>Conseill\u00e9 si<\/p><\/blockquote>\n\n\n\n<ul class=\"wp-block-list\"><li>Vous avez les ongles forts, solides.<\/li><li>Vous souhaitez faire des poses occasionnelles.<\/li><li>Vous aimez la rapidit\u00e9 et la simplicit\u00e9.<\/li><li>Vous souhaitez avoir la possibilit\u00e9 de retirer le vernis vous m\u00eame.<\/li><\/ul>\n\n\n\n<blockquote class=\"wp-block-quote is-layout-flow wp-block-quote-is-layout-flow\"><p>D\u00e9conseill\u00e9 si<\/p><\/blockquote>\n\n\n\n<ul class=\"wp-block-list\"><li>Vous avez les ongles mous, cassants.<\/li><li>Vous avez une activit\u00e9 manuelle importante.<\/li><li>Vous souhaitez refaire vos ongles chaque mois.<\/li><\/ul>\n","protected":false},"excerpt":{"rendered":"<p>Qu&rsquo;est ce que c&rsquo;est ? Le semi-permanent dit \u00ab\u00a0classique\u00a0\u00bb est un vernis qui tient entre 2 \u00e0 4 semaines selon la repousse de vos ongles et qui s\u00e8che sous lampe Uv\/Led. Son r\u00f4le Le semi-permanent est un vernis non renfor\u00e7ant qui peut soit se retirer chez vous avec un produit \u00e0 base d&rsquo;ac\u00e9tone, soit avec une ponceuse et un embout adapt\u00e9 par votre proth\u00e9siste ongulaire. Conseill\u00e9 si Vous avez les ongles forts, solides. Vous souhaitez faire des poses occasionnelles. Vous aimez la rapidit\u00e9 et la simplicit\u00e9. Vous souhaitez avoir la possibilit\u00e9 de retirer le vernis vous m\u00eame. D\u00e9conseill\u00e9 si Vous avez les ongles mous, cassants. Vous avez une activit\u00e9 manuelle importante. Vous souhaitez refaire vos ongles chaque mois.<\/p>\n","protected":false},"author":1,"featured_media":0,"parent":0,"menu_order":0,"comment_status":"closed","ping_status":"closed","template":"","meta":{"footnotes":""},"class_list":["post-81","page","type-page","status-publish","hentry"],"_links":{"self":[{"href":"https:\/\/onglista.fr\/index.php?rest_route=\/wp\/v2\/pages\/81","targetHints":{"allow":["GET"]}}],"collection":[{"href":"https:\/\/onglista.fr\/index.php?rest_route=\/wp\/v2\/pages"}],"about":[{"href":"https:\/\/onglista.fr\/index.php?rest_route=\/wp\/v2\/types\/page"}],"author":[{"embeddable":true,"href":"https:\/\/onglista.fr\/index.php?rest_route=\/wp\/v2\/users\/1"}],"replies":[{"embeddable":true,"href":"https:\/\/onglista.fr\/index.php?rest_route=%2Fwp%2Fv2%2Fcomments&post=81"}],"version-history":[{"count":7,"href":"https:\/\/onglista.fr\/index.php?rest_route=\/wp\/v2\/pages\/81\/revisions"}],"predecessor-version":[{"id":232,"href":"https:\/\/onglista.fr\/index.php?rest_route=\/wp\/v2\/pages\/81\/revisions\/232"}],"wp:attachment":[{"href":"https:\/\/onglista.fr\/index.php?rest_route=%2Fwp%2Fv2%2Fmedia&parent=81"}],"curies":[{"name":"wp","href":"https:\/\/api.w.org\/{rel}","templated":true}]}}