{"id":83,"date":"2020-01-30T00:36:32","date_gmt":"2020-01-29T23:36:32","guid":{"rendered":"http:\/\/onglista.fr\/?page_id=83"},"modified":"2020-02-01T17:28:20","modified_gmt":"2020-02-01T16:28:20","slug":"semi-permanent-renfort","status":"publish","type":"page","link":"https:\/\/onglista.fr\/?page_id=83","title":{"rendered":"Semi-permanent \u00ab\u00a0renfort\u00a0\u00bb"},"content":{"rendered":"\n<blockquote class=\"wp-block-quote is-layout-flow wp-block-quote-is-layout-flow\"><p>Qu&rsquo;est ce que c&rsquo;est ?<\/p><\/blockquote>\n\n\n\n<p>C&rsquo;est un vernis semi-permanent avec une base renfor\u00e7ante et un l\u00e9ger apex (bomb\u00e9 qui permet d&rsquo;encaisser les chocs de l&rsquo;ongle et qui permet ainsi la solidit\u00e9 de la pose) qui s\u00e8che sous lampe Uv\/Led. <\/p>\n\n\n\n<blockquote class=\"wp-block-quote is-layout-flow wp-block-quote-is-layout-flow\"><p>Son r\u00f4le<\/p><\/blockquote>\n\n\n\n<p>Le renfort va permettre d&rsquo;\u00e9paissir et de solidifier l\u00e9g\u00e8rement l&rsquo;ongle.<\/p>\n\n\n\n<blockquote class=\"wp-block-quote is-layout-flow wp-block-quote-is-layout-flow\"><p>Conseill\u00e9 si<\/p><\/blockquote>\n\n\n\n<ul class=\"wp-block-list\"><li>Vous avez les ongles fins, mous ou cassants.<\/li><li>Vous avez les ongles plut\u00f4t courts.<\/li><li>Vous souhaitez r\u00e9aliser des poses r\u00e9guli\u00e8res.<\/li><\/ul>\n\n\n\n<blockquote class=\"wp-block-quote is-layout-flow wp-block-quote-is-layout-flow\"><p>D\u00e9conseill\u00e9 si<\/p><\/blockquote>\n\n\n\n<ul class=\"wp-block-list\"><li> Vous avez les ongles tr\u00e8s longs.<\/li><li>Vous avez une activit\u00e9 manuelle importante. <\/li><\/ul>\n","protected":false},"excerpt":{"rendered":"<p>Qu&rsquo;est ce que c&rsquo;est ? C&rsquo;est un vernis semi-permanent avec une base renfor\u00e7ante et un l\u00e9ger apex (bomb\u00e9 qui permet d&rsquo;encaisser les chocs de l&rsquo;ongle et qui permet ainsi la solidit\u00e9 de la pose) qui s\u00e8che sous lampe Uv\/Led. Son r\u00f4le Le renfort va permettre d&rsquo;\u00e9paissir et de solidifier l\u00e9g\u00e8rement l&rsquo;ongle. Conseill\u00e9 si Vous avez les ongles fins, mous ou cassants. Vous avez les ongles plut\u00f4t courts. Vous souhaitez r\u00e9aliser des poses r\u00e9guli\u00e8res. D\u00e9conseill\u00e9 si Vous avez les ongles tr\u00e8s longs. Vous avez une activit\u00e9 manuelle importante.<\/p>\n","protected":false},"author":1,"featured_media":0,"parent":0,"menu_order":0,"comment_status":"closed","ping_status":"closed","template":"","meta":{"footnotes":""},"class_list":["post-83","page","type-page","status-publish","hentry"],"_links":{"self":[{"href":"https:\/\/onglista.fr\/index.php?rest_route=\/wp\/v2\/pages\/83","targetHints":{"allow":["GET"]}}],"collection":[{"href":"https:\/\/onglista.fr\/index.php?rest_route=\/wp\/v2\/pages"}],"about":[{"href":"https:\/\/onglista.fr\/index.php?rest_route=\/wp\/v2\/types\/page"}],"author":[{"embeddable":true,"href":"https:\/\/onglista.fr\/index.php?rest_route=\/wp\/v2\/users\/1"}],"replies":[{"embeddable":true,"href":"https:\/\/onglista.fr\/index.php?rest_route=%2Fwp%2Fv2%2Fcomments&post=83"}],"version-history":[{"count":7,"href":"https:\/\/onglista.fr\/index.php?rest_route=\/wp\/v2\/pages\/83\/revisions"}],"predecessor-version":[{"id":254,"href":"https:\/\/onglista.fr\/index.php?rest_route=\/wp\/v2\/pages\/83\/revisions\/254"}],"wp:attachment":[{"href":"https:\/\/onglista.fr\/index.php?rest_route=%2Fwp%2Fv2%2Fmedia&parent=83"}],"curies":[{"name":"wp","href":"https:\/\/api.w.org\/{rel}","templated":true}]}}