{"id":85,"date":"2020-01-30T00:36:45","date_gmt":"2020-01-29T23:36:45","guid":{"rendered":"http:\/\/onglista.fr\/?page_id=85"},"modified":"2020-02-01T17:39:11","modified_gmt":"2020-02-01T16:39:11","slug":"remplissage","status":"publish","type":"page","link":"https:\/\/onglista.fr\/?page_id=85","title":{"rendered":"Remplissage"},"content":{"rendered":"\n<p class=\"has-text-align-center\"> Le remplissage est le nom donn\u00e9 \u00e0 l&rsquo;entretien mensuel des ongles en gel, qu&rsquo;il s&rsquo;agisse d&rsquo;un renforcement ou d&rsquo;un rallongement. <\/p>\n\n\n\n<p class=\"has-text-align-center\">Vos ongles poussent d&rsquo;environ 1 mm chaque semaine, ce qui cr\u00e9era une repousse visible sur l&rsquo;ongle. <br>Inesth\u00e9tique d&rsquo;une part, il est \u00e9galement indispensable pour votre s\u00e9curit\u00e9 de respecter un d\u00e9lai de maximum 3 \u00e0 4 semaines entre chaque remplissage, car la mati\u00e8re se d\u00e9pla\u00e7ant en m\u00eame temps que la repousse de l&rsquo;ongle, elle se concentre alors vers le bord libre et ne peut plus correctement amortir les chocs quotidiens.<br> Vous risquez alors de vous blesser en cassant ou en arrachant un ongle. <\/p>\n\n\n\n<p class=\"has-text-align-center\">Lors d&rsquo;un remplissage, la couleur et les d\u00e9corations seront retir\u00e9es par pon\u00e7age, puis la partie de l&rsquo;ongle qui a repouss\u00e9 sera \u00ab\u00a0remplie\u00a0\u00bb \u00e0 nouveau de mati\u00e8re pour reconstruire l&rsquo;ongle correctement. <br>Vous choisirez alors une nouvelle couleur et de nouvelles d\u00e9corations si vous le souhaitez. <\/p>\n","protected":false},"excerpt":{"rendered":"<p>Le remplissage est le nom donn\u00e9 \u00e0 l&rsquo;entretien mensuel des ongles en gel, qu&rsquo;il s&rsquo;agisse d&rsquo;un renforcement ou d&rsquo;un rallongement. Vos ongles poussent d&rsquo;environ 1 mm chaque semaine, ce qui cr\u00e9era une repousse visible sur l&rsquo;ongle. Inesth\u00e9tique d&rsquo;une part, il est \u00e9galement indispensable pour votre s\u00e9curit\u00e9 de respecter un d\u00e9lai de maximum 3 \u00e0 4 semaines entre chaque remplissage, car la mati\u00e8re se d\u00e9pla\u00e7ant en m\u00eame temps que la repousse de l&rsquo;ongle, elle se concentre alors vers le bord libre et ne peut plus correctement amortir les chocs quotidiens. Vous risquez alors de vous blesser en cassant ou en arrachant un ongle. Lors d&rsquo;un remplissage, la couleur et les d\u00e9corations seront retir\u00e9es par pon\u00e7age, puis la partie de l&rsquo;ongle qui a repouss\u00e9 sera \u00ab\u00a0remplie\u00a0\u00bb \u00e0 nouveau de mati\u00e8re pour reconstruire l&rsquo;ongle correctement. Vous choisirez alors une nouvelle couleur et de nouvelles d\u00e9corations si vous le souhaitez.<\/p>\n","protected":false},"author":1,"featured_media":0,"parent":0,"menu_order":0,"comment_status":"closed","ping_status":"closed","template":"","meta":{"footnotes":""},"class_list":["post-85","page","type-page","status-publish","hentry"],"_links":{"self":[{"href":"https:\/\/onglista.fr\/index.php?rest_route=\/wp\/v2\/pages\/85","targetHints":{"allow":["GET"]}}],"collection":[{"href":"https:\/\/onglista.fr\/index.php?rest_route=\/wp\/v2\/pages"}],"about":[{"href":"https:\/\/onglista.fr\/index.php?rest_route=\/wp\/v2\/types\/page"}],"author":[{"embeddable":true,"href":"https:\/\/onglista.fr\/index.php?rest_route=\/wp\/v2\/users\/1"}],"replies":[{"embeddable":true,"href":"https:\/\/onglista.fr\/index.php?rest_route=%2Fwp%2Fv2%2Fcomments&post=85"}],"version-history":[{"count":5,"href":"https:\/\/onglista.fr\/index.php?rest_route=\/wp\/v2\/pages\/85\/revisions"}],"predecessor-version":[{"id":266,"href":"https:\/\/onglista.fr\/index.php?rest_route=\/wp\/v2\/pages\/85\/revisions\/266"}],"wp:attachment":[{"href":"https:\/\/onglista.fr\/index.php?rest_route=%2Fwp%2Fv2%2Fmedia&parent=85"}],"curies":[{"name":"wp","href":"https:\/\/api.w.org\/{rel}","templated":true}]}}