{"id":87,"date":"2020-01-30T00:37:07","date_gmt":"2020-01-29T23:37:07","guid":{"rendered":"http:\/\/onglista.fr\/?page_id=87"},"modified":"2020-02-01T17:41:38","modified_gmt":"2020-02-01T16:41:38","slug":"depose-et-soins","status":"publish","type":"page","link":"https:\/\/onglista.fr\/?page_id=87","title":{"rendered":"D\u00e9pose et soins"},"content":{"rendered":"\n<p class=\"has-text-align-center\"> La d\u00e9pose est le fait de retirer les \u00ab\u00a0faux\u00a0\u00bb ongles. <br>N&rsquo;oubliez pas c&rsquo;est souvent en voulant retirer la pose soi-m\u00eame qu&rsquo;on ab\u00eeme ses ongles et qu&rsquo;on pense que c&rsquo;est ce qu&rsquo;on avait sur les ongles qui les ont ab\u00eem\u00e9s. <br>Alors que si c&rsquo;est bien d\u00e9pos\u00e9, vous retrouvez vos ongles en parfaite sant\u00e9&#8230;<br> Laissez donc faire une proth\u00e9siste ongulaire pour d\u00e9poser vos \u00ab\u00a0faux\u00a0\u00bb ongles ! <br>Dans tous les cas de d\u00e9pose, vos ongles seront lim\u00e9s, polis, les cuticules nettoy\u00e9es. Un soin au calcium et un durcisseur seront appliqu\u00e9s, de quoi repartir avec de beaux ongles ! <\/p>\n","protected":false},"excerpt":{"rendered":"<p>La d\u00e9pose est le fait de retirer les \u00ab\u00a0faux\u00a0\u00bb ongles. N&rsquo;oubliez pas c&rsquo;est souvent en voulant retirer la pose soi-m\u00eame qu&rsquo;on ab\u00eeme ses ongles et qu&rsquo;on pense que c&rsquo;est ce qu&rsquo;on avait sur les ongles qui les ont ab\u00eem\u00e9s. Alors que si c&rsquo;est bien d\u00e9pos\u00e9, vous retrouvez vos ongles en parfaite sant\u00e9&#8230; Laissez donc faire une proth\u00e9siste ongulaire pour d\u00e9poser vos \u00ab\u00a0faux\u00a0\u00bb ongles ! Dans tous les cas de d\u00e9pose, vos ongles seront lim\u00e9s, polis, les cuticules nettoy\u00e9es. Un soin au calcium et un durcisseur seront appliqu\u00e9s, de quoi repartir avec de beaux ongles !<\/p>\n","protected":false},"author":1,"featured_media":0,"parent":0,"menu_order":0,"comment_status":"closed","ping_status":"closed","template":"","meta":{"footnotes":""},"class_list":["post-87","page","type-page","status-publish","hentry"],"_links":{"self":[{"href":"https:\/\/onglista.fr\/index.php?rest_route=\/wp\/v2\/pages\/87","targetHints":{"allow":["GET"]}}],"collection":[{"href":"https:\/\/onglista.fr\/index.php?rest_route=\/wp\/v2\/pages"}],"about":[{"href":"https:\/\/onglista.fr\/index.php?rest_route=\/wp\/v2\/types\/page"}],"author":[{"embeddable":true,"href":"https:\/\/onglista.fr\/index.php?rest_route=\/wp\/v2\/users\/1"}],"replies":[{"embeddable":true,"href":"https:\/\/onglista.fr\/index.php?rest_route=%2Fwp%2Fv2%2Fcomments&post=87"}],"version-history":[{"count":7,"href":"https:\/\/onglista.fr\/index.php?rest_route=\/wp\/v2\/pages\/87\/revisions"}],"predecessor-version":[{"id":268,"href":"https:\/\/onglista.fr\/index.php?rest_route=\/wp\/v2\/pages\/87\/revisions\/268"}],"wp:attachment":[{"href":"https:\/\/onglista.fr\/index.php?rest_route=%2Fwp%2Fv2%2Fmedia&parent=87"}],"curies":[{"name":"wp","href":"https:\/\/api.w.org\/{rel}","templated":true}]}}